{"id":4543,"date":"2024-04-04T03:36:00","date_gmt":"2024-04-04T03:36:00","guid":{"rendered":"https:\/\/bigbike.instawp.xyz\/?page_id=4543"},"modified":"2024-05-21T10:03:18","modified_gmt":"2024-05-21T10:03:18","slug":"cancellation-policy","status":"publish","type":"page","link":"https:\/\/bigbikerentalbangkok.com\/de\/cancellation-policy\/","title":{"rendered":"Stornierungsbedingungen"},"content":{"rendered":"<p>Wir verstehen, dass Umst\u00e4nde dazu f\u00fchren k\u00f6nnen, dass Sie Ihre Reservierung stornieren oder \u00e4ndern m\u00fcssen. Bitte beachten Sie unsere Stornierungsbedingungen unten:<\/p>\n\n\n\n<p>Stornierungen, die mehr als 45 Tage vor dem Beginn des Services vorgenommen werden, erhalten eine R\u00fcckerstattung von 25 % oder eine volle Gutschrift f\u00fcr zuk\u00fcnftige Nutzung ohne Verfallsdatum.&nbsp;<\/p>\n\n\n\n<p>Stornierungen, die innerhalb von 45 Tagen vor dem Beginn des Services vorgenommen werden, unterliegen einer Stornierungsgeb\u00fchr von 50 % (oder der vollen Anzahlung).<\/p>\n\n\n\n<p>Bitte beachten Sie, dass eine etwaige R\u00fcckerstattung in derselben Form wie die urspr\u00fcngliche Zahlung ausgestellt wird.<\/p>\n\n\n\n<p>Um eine Stornierung oder \u00c4nderung anzufordern, wenden Sie sich bitte mit Ihren Reservierungsdetails an unser Kundensupport-Team.<\/p>\n\n\n\n<p>Wir empfehlen unseren Kunden dringend, eine Reiseversicherung in Betracht zu ziehen, um sich gegen unvorhergesehene Umst\u00e4nde abzusichern, die zur Stornierung f\u00fchren k\u00f6nnen.<\/p>\n\n\n\n<p>Wir behalten uns das Recht vor, unsere Stornierungsbedingungen jederzeit zu \u00e4ndern oder zu aktualisieren. Jede \u00c4nderung wird Ihnen per E-Mail oder anderen geeigneten Kan\u00e4len mitgeteilt.<\/p>","protected":false},"excerpt":{"rendered":"<p>We understand that circumstances may require you to cancel or modify your reservation. Please review our cancellation policy below: Cancellations made more than 45 days before the start date of the service will receive a 25% refund or a full credit for future use without an expiration date.&nbsp; Cancellations made within 45 days of the [&hellip;]<\/p>\n","protected":false},"author":1,"featured_media":0,"parent":0,"menu_order":0,"comment_status":"closed","ping_status":"closed","template":"","meta":{"_acf_changed":false,"footnotes":""},"class_list":["post-4543","page","type-page","status-publish","hentry"],"acf":[],"aioseo_notices":[],"_links":{"self":[{"href":"https:\/\/bigbikerentalbangkok.com\/de\/wp-json\/wp\/v2\/pages\/4543","targetHints":{"allow":["GET"]}}],"collection":[{"href":"https:\/\/bigbikerentalbangkok.com\/de\/wp-json\/wp\/v2\/pages"}],"about":[{"href":"https:\/\/bigbikerentalbangkok.com\/de\/wp-json\/wp\/v2\/types\/page"}],"author":[{"embeddable":true,"href":"https:\/\/bigbikerentalbangkok.com\/de\/wp-json\/wp\/v2\/users\/1"}],"replies":[{"embeddable":true,"href":"https:\/\/bigbikerentalbangkok.com\/de\/wp-json\/wp\/v2\/comments?post=4543"}],"version-history":[{"count":1,"href":"https:\/\/bigbikerentalbangkok.com\/de\/wp-json\/wp\/v2\/pages\/4543\/revisions"}],"predecessor-version":[{"id":4544,"href":"https:\/\/bigbikerentalbangkok.com\/de\/wp-json\/wp\/v2\/pages\/4543\/revisions\/4544"}],"wp:attachment":[{"href":"https:\/\/bigbikerentalbangkok.com\/de\/wp-json\/wp\/v2\/media?parent=4543"}],"curies":[{"name":"wp","href":"https:\/\/api.w.org\/{rel}","templated":true}]}}